{"id":4560,"date":"2023-06-13T18:48:52","date_gmt":"2023-06-13T16:48:52","guid":{"rendered":"https:\/\/www.areception.cz\/?page_id=4560"},"modified":"2024-12-15T15:23:03","modified_gmt":"2024-12-15T14:23:03","slug":"gesundheits-sozial-und-sporteinrichtungen","status":"publish","type":"page","link":"https:\/\/www.areception.ai\/de\/health-social-and-sports-facilities\/","title":{"rendered":"Gesundheits-, Sozial- &#038; Sporteinrichtungen"},"content":{"rendered":"<div data-elementor-type=\"wp-page\" data-elementor-id=\"4560\" class=\"elementor elementor-4560\" data-elementor-post-type=\"page\">\n\t\t\t\t<div class=\"elementor-element elementor-element-972b369 e-flex e-con-boxed e-con e-parent\" data-id=\"972b369\" data-element_type=\"container\" data-e-type=\"container\">\n\t\t\t\t\t<div class=\"e-con-inner\">\n\t\t\t\t<div class=\"elementor-element elementor-element-fa087ab elementor-widget__width-inherit elementor--h-position-center elementor--v-position-middle elementor-arrows-position-inside elementor-pagination-position-inside elementor-widget elementor-widget-slides\" data-id=\"fa087ab\" data-element_type=\"widget\" data-e-type=\"widget\" data-settings=\"{&quot;transition&quot;:&quot;fade&quot;,&quot;transition_speed&quot;:1300,&quot;navigation&quot;:&quot;both&quot;,&quot;autoplay&quot;:&quot;yes&quot;,&quot;pause_on_hover&quot;:&quot;yes&quot;,&quot;pause_on_interaction&quot;:&quot;yes&quot;,&quot;autoplay_speed&quot;:5000,&quot;infinite&quot;:&quot;yes&quot;}\" data-widget_type=\"slides.default\">\n\t\t\t\t<div class=\"elementor-widget-container\">\n\t\t\t\t\t\t\t\t\t<div class=\"elementor-swiper\">\n\t\t\t\t\t<div class=\"elementor-slides-wrapper elementor-main-swiper swiper\" role=\"region\" aria-roledescription=\"carousel\" aria-label=\"Folien\" dir=\"ltr\" data-animation=\"\">\n\t\t\t\t<div class=\"swiper-wrapper elementor-slides\">\n\t\t\t\t\t\t\t\t\t\t<div class=\"elementor-repeater-item-df6c7f1 swiper-slide\" role=\"group\" aria-roledescription=\"slide\"><div class=\"swiper-slide-bg elementor-ken-burns elementor-ken-burns--in\" role=\"img\" aria-label=\"aReception in Klinik und ambulanter Versorgung\"><\/div><div class=\"elementor-background-overlay\"><\/div><div class=\"swiper-slide-inner\" ><div class=\"swiper-slide-contents\"><div class=\"elementor-slide-heading\"><h2>Kliniken &amp; Ambulante Versorgung<\/h2><\/div><div class=\"elementor-slide-description\">Umfassende L\u00f6sung f\u00fcr effizientes Management und Verbesserung der Patientenversorgung.<\/div><\/div><\/div><\/div><div class=\"elementor-repeater-item-a881340 swiper-slide\" role=\"group\" aria-roledescription=\"slide\"><div class=\"swiper-slide-bg elementor-ken-burns elementor-ken-burns--in\" role=\"img\" aria-label=\"aReception im Krankenhaus\"><\/div><div class=\"elementor-background-overlay\"><\/div><div class=\"swiper-slide-inner\" ><div class=\"swiper-slide-contents\"><div class=\"elementor-slide-heading\"><h2>Krankenh\u00e4user<\/h2><\/div><div class=\"elementor-slide-description\">Gew\u00e4hrleistung eines reibungslosen Betriebs, schneller Orientierung und aktueller Informationen.<\/div><\/div><\/div><\/div><div class=\"elementor-repeater-item-dfda449 swiper-slide\" role=\"group\" aria-roledescription=\"slide\"><div class=\"swiper-slide-bg elementor-ken-burns elementor-ken-burns--in\" role=\"img\" aria-label=\"aReception im Fitnesscenter\"><\/div><div class=\"elementor-background-overlay\"><\/div><div class=\"swiper-slide-inner\" ><div class=\"swiper-slide-contents\"><div class=\"elementor-slide-heading\"><h2>Fitnesscenter und Sportvereine<\/h2><\/div><div class=\"elementor-slide-description\">Virtueller Trainer, Guide und innovativer Assistent beim Training und bei Fitness\u00fcbungen.<\/div><\/div><\/div><\/div><div class=\"elementor-repeater-item-108432e swiper-slide\" role=\"group\" aria-roledescription=\"slide\"><div class=\"swiper-slide-bg elementor-ken-burns elementor-ken-burns--in\" role=\"img\" aria-label=\"aReception im Seniorenheim\"><\/div><div class=\"elementor-background-overlay\"><\/div><div class=\"swiper-slide-inner\" ><div class=\"swiper-slide-contents\"><div class=\"elementor-slide-heading\"><h2>Seniorenheime<\/h2><\/div><div class=\"elementor-slide-description\">Freundlicher Helfer und Informationsquelle f\u00fcr die \u00e4ltere Generation.<\/div><\/div><\/div><\/div><div class=\"elementor-repeater-item-47b74f0 swiper-slide\" role=\"group\" aria-roledescription=\"slide\"><div class=\"swiper-slide-bg elementor-ken-burns elementor-ken-burns--in\" role=\"img\" aria-label=\"aReception in der Arztpraxis\"><\/div><div class=\"elementor-background-overlay\"><\/div><div class=\"swiper-slide-inner\" ><div class=\"swiper-slide-contents\"><div class=\"elementor-slide-heading\"><h2>Arztpraxen<\/h2><\/div><div class=\"elementor-slide-description\">Optimierung der Wartezeiten und verbesserte Kommunikation mit Patienten.<\/div><\/div><\/div><\/div><div class=\"elementor-repeater-item-4c2cd92 swiper-slide\" role=\"group\" aria-roledescription=\"slide\"><div class=\"swiper-slide-bg elementor-ken-burns elementor-ken-burns--in\" role=\"img\" aria-label=\"aReception im Labor\"><\/div><div class=\"elementor-background-overlay\"><\/div><div class=\"swiper-slide-inner\" ><div class=\"swiper-slide-contents\"><div class=\"elementor-slide-heading\"><h2>Diagnosezentren &amp; Labore<\/h2><\/div><div class=\"elementor-slide-description\">Modernes und effizientes Management von Diagnoseeinrichtungen.<\/div><\/div><\/div><\/div>\t\t\t\t<\/div>\n\t\t\t\t\t\t\t\t\t\t\t\t\t\t\t<div class=\"elementor-swiper-button elementor-swiper-button-prev\" role=\"button\" tabindex=\"0\" aria-label=\"P\u0159edchoz\u00ed sn\u00edmek\">\n\t\t\t\t\t\t\t<i aria-hidden=\"true\" class=\"eicon-chevron-left\"><\/i>\t\t\t\t\t\t<\/div>\n\t\t\t\t\t\t<div class=\"elementor-swiper-button elementor-swiper-button-next\" role=\"button\" tabindex=\"0\" aria-label=\"N\u00e1sleduj\u00edc\u00ed sn\u00edmek\">\n\t\t\t\t\t\t\t<i aria-hidden=\"true\" class=\"eicon-chevron-right\"><\/i>\t\t\t\t\t\t<\/div>\n\t\t\t\t\t\t\t\t\t\t\t\t\t\t\t\t<div class=\"swiper-pagination\"><\/div>\n\t\t\t\t\t\t\t\t\t\t\t\t<\/div>\n\t\t\t\t<\/div>\n\t\t\t\t\t\t\t\t<\/div>\n\t\t\t\t<\/div>\n\t\t\t\t\t<\/div>\n\t\t\t\t<\/div>\n\t\t<div class=\"elementor-element elementor-element-45880343 e-flex e-con-boxed e-con e-parent\" data-id=\"45880343\" data-element_type=\"container\" data-e-type=\"container\">\n\t\t\t\t\t<div class=\"e-con-inner\">\n\t\t<div class=\"elementor-element elementor-element-104aa76f e-con-full e-flex e-con e-child\" data-id=\"104aa76f\" data-element_type=\"container\" data-e-type=\"container\">\n\t\t\t\t<div class=\"elementor-element elementor-element-3f799f35 elementor-widget__width-initial elementor-widget elementor-widget-heading\" data-id=\"3f799f35\" data-element_type=\"widget\" data-e-type=\"widget\" data-widget_type=\"heading.default\">\n\t\t\t\t<div class=\"elementor-widget-container\">\n\t\t\t\t\t<h1 class=\"elementor-heading-title elementor-size-default\">Unabh\u00e4ngig davon, welche Art von Gesundheits- oder Sozialeinrichtung Sie betreiben, ist aReception eine universelle L\u00f6sung zur Verbesserung Ihres Betriebs.<\/h1>\t\t\t\t<\/div>\n\t\t\t\t<\/div>\n\t\t\t\t<div class=\"elementor-element elementor-element-5c176d08 elementor-widget__width-initial elementor-widget-tablet__width-initial elementor-widget-mobile__width-initial elementor-widget elementor-widget-text-editor\" data-id=\"5c176d08\" data-element_type=\"widget\" data-e-type=\"widget\" data-widget_type=\"text-editor.default\">\n\t\t\t\t<div class=\"elementor-widget-container\">\n\t\t\t\t\t\t\t\t\t<p>mit <strong>aReception<\/strong>k\u00f6nnen Sie den Betrieb einer Vielzahl von <strong>Gesundheits- und Sozialeinrichtungen<\/strong>optimieren und modernisieren. Unsere L\u00f6sung ist ideal f\u00fcr <strong>Kliniken, Krankenh\u00e4user, Apotheken, ambulante Versorgung, Diagnosezentren, Rehabilitationszentren, Geburtsh\u00e4user und Kinderg\u00e4rten, Fitnesscenter und Sportvereine, Diagnosezentren und Labore, psychologische und psychiatrische Kliniken, Alten- und Pflegeheime, Rehabilitations- und Physiotherapiezentren, Blutabnahme- und Impfstellen, ambulante Versorgung und Fachpraxen<\/strong> (z.\u00a0B. Zahn-, Augen-, HNO-), <strong>Gesundheits- und Sozialeinrichtungen f\u00fcr Menschen mit Behinderungen, Zentren f\u00fcr alternative und komplement\u00e4re Medizin<\/strong> (z.\u00a0B. Akupunktur, Hom\u00f6opathie).<\/p><p>Durch die Integration von aReception erhalten Sie eine <strong>professionelle und nachhaltige Methode zur Verwaltung von Patienten,<\/strong> zur Erleichterung von Patientenaufnahmen und -entlassungen und zur Verbesserung der Kommunikation mit Patienten und deren Angeh\u00f6rigen.<\/p>\t\t\t\t\t\t\t\t<\/div>\n\t\t\t\t<\/div>\n\t\t\t\t<\/div>\n\t\t<div class=\"elementor-element elementor-element-799b0b5e e-con-full e-flex e-con e-child\" data-id=\"799b0b5e\" data-element_type=\"container\" data-e-type=\"container\">\n\t\t<div class=\"elementor-element elementor-element-180346d9 e-con-full e-flex e-con e-child\" data-id=\"180346d9\" data-element_type=\"container\" data-e-type=\"container\" data-settings=\"{&quot;background_background&quot;:&quot;classic&quot;}\">\n\t\t\t\t<div class=\"elementor-element elementor-element-2dbf58ba elementor-position-inline-start elementor-mobile-position-inline-start elementor-view-stacked elementor-widget__width-initial elementor-shape-circle elementor-widget elementor-widget-icon-box\" data-id=\"2dbf58ba\" data-element_type=\"widget\" data-e-type=\"widget\" data-widget_type=\"icon-box.default\">\n\t\t\t\t<div class=\"elementor-widget-container\">\n\t\t\t\t\t\t\t<div class=\"elementor-icon-box-wrapper\">\n\n\t\t\t\t\t\t<div class=\"elementor-icon-box-icon\">\n\t\t\t\t<span  class=\"elementor-icon\">\n\t\t\t\t<svg xmlns=\"http:\/\/www.w3.org\/2000\/svg\" height=\"512pt\" viewbox=\"0 -65 512 512\" width=\"512pt\"><path d=\"m444.175781 0-260.871093 242.011719-110.324219-117.734375-72.980469 68.386718 178.234375 190.207032 333.765625-309.351563zm0 0\"><\/path><\/svg>\t\t\t\t<\/span>\n\t\t\t<\/div>\n\t\t\t\n\t\t\t\t\t\t<div class=\"elementor-icon-box-content\">\n\n\t\t\t\t\t\t\t\t\t<h3 class=\"elementor-icon-box-title\">\n\t\t\t\t\t\t<span  >\n\t\t\t\t\t\t\tBringt Vorteile\t\t\t\t\t\t<\/span>\n\t\t\t\t\t<\/h3>\n\t\t\t\t\n\t\t\t\t\n\t\t\t<\/div>\n\t\t\t\n\t\t<\/div>\n\t\t\t\t\t\t<\/div>\n\t\t\t\t<\/div>\n\t\t\t\t<div class=\"elementor-element elementor-element-1302093d elementor-widget-divider--view-line elementor-widget elementor-widget-divider\" data-id=\"1302093d\" data-element_type=\"widget\" data-e-type=\"widget\" data-widget_type=\"divider.default\">\n\t\t\t\t<div class=\"elementor-widget-container\">\n\t\t\t\t\t\t\t<div class=\"elementor-divider\">\n\t\t\t<span class=\"elementor-divider-separator\">\n\t\t\t\t\t\t<\/span>\n\t\t<\/div>\n\t\t\t\t\t\t<\/div>\n\t\t\t\t<\/div>\n\t\t\t\t<div class=\"elementor-element elementor-element-075285c elementor-widget-tablet__width-initial elementor-icon-list--layout-traditional elementor-list-item-link-full_width elementor-widget elementor-widget-icon-list\" data-id=\"075285c\" data-element_type=\"widget\" data-e-type=\"widget\" data-widget_type=\"icon-list.default\">\n\t\t\t\t<div class=\"elementor-widget-container\">\n\t\t\t\t\t\t\t<ul class=\"elementor-icon-list-items\">\n\t\t\t\t\t\t\t<li class=\"elementor-icon-list-item\">\n\t\t\t\t\t\t\t\t\t\t\t<span class=\"elementor-icon-list-icon\">\n\t\t\t\t\t\t\t<i aria-hidden=\"true\" class=\"fas fa-check\"><\/i>\t\t\t\t\t\t<\/span>\n\t\t\t\t\t\t\t\t\t\t<span class=\"elementor-icon-list-text\"><strong>Optimierung von Reservierungen<\/strong> und Verwaltung von Patientenbesuchen f\u00fcr verschiedene Gesundheitseinrichtungen.<\/span>\n\t\t\t\t\t\t\t\t\t<\/li>\n\t\t\t\t\t\t\t\t<li class=\"elementor-icon-list-item\">\n\t\t\t\t\t\t\t\t\t\t\t<span class=\"elementor-icon-list-icon\">\n\t\t\t\t\t\t\t<i aria-hidden=\"true\" class=\"fas fa-check\"><\/i>\t\t\t\t\t\t<\/span>\n\t\t\t\t\t\t\t\t\t\t<span class=\"elementor-icon-list-text\"><strong>Verbesserte Kommunikation<\/strong> zwischen Personal und Patienten, was zu h\u00f6herer Patientenzufriedenheit f\u00fchrt.<\/span>\n\t\t\t\t\t\t\t\t\t<\/li>\n\t\t\t\t\t\t\t\t<li class=\"elementor-icon-list-item\">\n\t\t\t\t\t\t\t\t\t\t\t<span class=\"elementor-icon-list-icon\">\n\t\t\t\t\t\t\t<i aria-hidden=\"true\" class=\"fas fa-check\"><\/i>\t\t\t\t\t\t<\/span>\n\t\t\t\t\t\t\t\t\t\t<span class=\"elementor-icon-list-text\"><strong>Reduzierter Verwaltungsaufwand<\/strong> und Zeitaufwand am Empfang durch Prozessautomatisierung.<\/span>\n\t\t\t\t\t\t\t\t\t<\/li>\n\t\t\t\t\t\t\t\t<li class=\"elementor-icon-list-item\">\n\t\t\t\t\t\t\t\t\t\t\t<span class=\"elementor-icon-list-icon\">\n\t\t\t\t\t\t\t<i aria-hidden=\"true\" class=\"fas fa-check\"><\/i>\t\t\t\t\t\t<\/span>\n\t\t\t\t\t\t\t\t\t\t<span class=\"elementor-icon-list-text\"><strong>Integration mit anderen Gesundheitssystemen<\/strong> und Anwendungen f\u00fcr nahtlosen Daten- und Informationstransfer.<\/span>\n\t\t\t\t\t\t\t\t\t<\/li>\n\t\t\t\t\t\t\t\t<li class=\"elementor-icon-list-item\">\n\t\t\t\t\t\t\t\t\t\t\t<span class=\"elementor-icon-list-icon\">\n\t\t\t\t\t\t\t<i aria-hidden=\"true\" class=\"fas fa-check\"><\/i>\t\t\t\t\t\t<\/span>\n\t\t\t\t\t\t\t\t\t\t<span class=\"elementor-icon-list-text\"><strong>Erh\u00f6hte Sicherheit<\/strong> und Datenschutz f\u00fcr Patienten dank intelligentem Zutrittssystem und Kontrollen.<\/span>\n\t\t\t\t\t\t\t\t\t<\/li>\n\t\t\t\t\t\t\t\t<li class=\"elementor-icon-list-item\">\n\t\t\t\t\t\t\t\t\t\t\t<span class=\"elementor-icon-list-icon\">\n\t\t\t\t\t\t\t<i aria-hidden=\"true\" class=\"fas fa-check\"><\/i>\t\t\t\t\t\t<\/span>\n\t\t\t\t\t\t\t\t\t\t<span class=\"elementor-icon-list-text\"><strong>Unterst\u00fctzung f\u00fcr spezifische Bed\u00fcrfnisse<\/strong> verschiedener Arten von Gesundheits- und Sozialeinrichtungen, wie Rehabilitationszentren oder Seniorenheime.<\/span>\n\t\t\t\t\t\t\t\t\t<\/li>\n\t\t\t\t\t\t<\/ul>\n\t\t\t\t\t\t<\/div>\n\t\t\t\t<\/div>\n\t\t\t\t<\/div>\n\t\t\t\t<\/div>\n\t\t\t\t\t<\/div>\n\t\t\t\t<\/div>\n\t\t\t\t<\/div>","protected":false},"excerpt":{"rendered":"<p>Clinics &#038; Outpatient Care Comprehensive solution for efficient management and improvement of patient care. Hospitals Ensuring smooth operation, quick orientation, and up-to-date information. Fitness Centers and Sports Clubs Virtual trainer, guide, and innovative assistant in training and leading fitness exercises. Senior Homes Friendly helper and information source for the older generation. Ordinace Optimization of waiting [&hellip;]<\/p>\n","protected":false},"author":2,"featured_media":6057,"parent":0,"menu_order":0,"comment_status":"closed","ping_status":"closed","template":"","meta":{"footnotes":""},"class_list":["post-4560","page","type-page","status-publish","has-post-thumbnail","hentry"],"yoast_head":"<!-- This site is optimized with the Yoast SEO plugin v27.5 - https:\/\/yoast.com\/product\/yoast-seo-wordpress\/ -->\n<title>aReception in Healthcare and Social Facilities | aReception.ai<\/title>\n<meta name=\"description\" content=\"See how aReception improves customer service in healthcare, social, and sports facilities, such as clinics, hospitals, fitness centers, sports clubs, and more.\" \/>\n<meta name=\"robots\" content=\"index, follow, max-snippet:-1, max-image-preview:large, max-video-preview:-1\" \/>\n<link rel=\"canonical\" href=\"https:\/\/www.areception.ai\/de\/gesundheits-sozial-und-sporteinrichtungen\/\" \/>\n<meta property=\"og:locale\" content=\"de_DE\" \/>\n<meta property=\"og:type\" content=\"article\" \/>\n<meta property=\"og:title\" content=\"aReception in Healthcare and Social Facilities | aReception.com\" \/>\n<meta property=\"og:description\" content=\"See how aReception improves customer service in healthcare, social, and sports facilities, such as clinics, hospitals, fitness centers, sports clubs, and more.\" \/>\n<meta property=\"og:url\" content=\"https:\/\/www.areception.ai\/de\/gesundheits-sozial-und-sporteinrichtungen\/\" \/>\n<meta property=\"og:site_name\" content=\"aReception.ai\" \/>\n<meta property=\"article:publisher\" content=\"https:\/\/www.facebook.com\/aReceptionAI\" \/>\n<meta property=\"article:modified_time\" content=\"2024-12-15T14:23:03+00:00\" \/>\n<meta property=\"og:image\" content=\"https:\/\/www.areception.ai\/wp-content\/uploads\/2023\/04\/aReception-vizualizace-6-1-scaled.jpg\" \/>\n\t<meta property=\"og:image:width\" content=\"2560\" \/>\n\t<meta property=\"og:image:height\" content=\"1463\" \/>\n\t<meta property=\"og:image:type\" content=\"image\/jpeg\" \/>\n<meta name=\"twitter:card\" content=\"summary_large_image\" \/>\n<meta name=\"twitter:title\" content=\"aReception in Healthcare and Social Facilities | aReception.com\" \/>\n<meta name=\"twitter:description\" content=\"See how aReception improves customer service in healthcare, social, and sports facilities, such as clinics, hospitals, fitness centers, sports clubs, and more.\" \/>\n<meta name=\"twitter:image\" content=\"https:\/\/www.areception.ai\/wp-content\/uploads\/2023\/04\/aReception-vizualizace-6-1-scaled.jpg\" \/>\n<meta name=\"twitter:site\" content=\"@aReceptionAI\" \/>\n<meta name=\"twitter:label1\" content=\"Gesch\u00e4tzte Lesezeit\" \/>\n\t<meta name=\"twitter:data1\" content=\"2\u00a0Minuten\" \/>\n<!-- \/ Yoast SEO plugin. -->","yoast_head_json":{"title":"aReception in Gesundheits- und Sozialeinrichtungen | aReception.ai","description":"Erfahren Sie, wie aReception den Kundenservice in Gesundheits-, Sozial- und Sporteinrichtungen verbessert \u2013 Kliniken, Krankenh\u00e4user, Fitnesscenter, Sportvereine und mehr.","robots":{"index":"index","follow":"follow","max-snippet":"max-snippet:-1","max-image-preview":"max-image-preview:large","max-video-preview":"max-video-preview:-1"},"canonical":"https:\/\/www.areception.ai\/de\/gesundheits-sozial-und-sporteinrichtungen\/","og_locale":"de_DE","og_type":"article","og_title":"aReception in Healthcare and Social Facilities | aReception.com","og_description":"See how aReception improves customer service in healthcare, social, and sports facilities, such as clinics, hospitals, fitness centers, sports clubs, and more.","og_url":"https:\/\/www.areception.ai\/de\/gesundheits-sozial-und-sporteinrichtungen\/","og_site_name":"aReception.ai","article_publisher":"https:\/\/www.facebook.com\/aReceptionAI","article_modified_time":"2024-12-15T14:23:03+00:00","og_image":[{"width":2560,"height":1463,"url":"https:\/\/www.areception.ai\/wp-content\/uploads\/2023\/04\/aReception-vizualizace-6-1-scaled.jpg","type":"image\/jpeg"}],"twitter_card":"summary_large_image","twitter_title":"aReception in Healthcare and Social Facilities | aReception.com","twitter_description":"See how aReception improves customer service in healthcare, social, and sports facilities, such as clinics, hospitals, fitness centers, sports clubs, and more.","twitter_image":"https:\/\/www.areception.ai\/wp-content\/uploads\/2023\/04\/aReception-vizualizace-6-1-scaled.jpg","twitter_site":"@aReceptionAI","twitter_misc":{"Gesch\u00e4tzte Lesezeit":"2\u00a0Minuten"},"schema":{"@context":"https:\/\/schema.org","@graph":[{"@type":"WebPage","@id":"https:\/\/www.areception.ai\/health-social-and-sports-facilities\/","url":"https:\/\/www.areception.ai\/health-social-and-sports-facilities\/","name":"aReception in Gesundheits- und Sozialeinrichtungen | aReception.ai","isPartOf":{"@id":"https:\/\/www.areception.ai\/#website"},"primaryImageOfPage":{"@id":"https:\/\/www.areception.ai\/health-social-and-sports-facilities\/#primaryimage"},"image":{"@id":"https:\/\/www.areception.ai\/health-social-and-sports-facilities\/#primaryimage"},"thumbnailUrl":"https:\/\/www.areception.ai\/wp-content\/uploads\/2023\/04\/aReception-vizualizace-6-1-scaled.jpg","datePublished":"2023-06-13T16:48:52+00:00","dateModified":"2024-12-15T14:23:03+00:00","description":"Erfahren Sie, wie aReception den Kundenservice in Gesundheits-, Sozial- und Sporteinrichtungen verbessert \u2013 Kliniken, Krankenh\u00e4user, Fitnesscenter, Sportvereine und mehr.","breadcrumb":{"@id":"https:\/\/www.areception.ai\/health-social-and-sports-facilities\/#breadcrumb"},"inLanguage":"de","potentialAction":[{"@type":"ReadAction","target":["https:\/\/www.areception.ai\/health-social-and-sports-facilities\/"]}]},{"@type":"ImageObject","inLanguage":"de","@id":"https:\/\/www.areception.ai\/health-social-and-sports-facilities\/#primaryimage","url":"https:\/\/www.areception.ai\/wp-content\/uploads\/2023\/04\/aReception-vizualizace-6-1-scaled.jpg","contentUrl":"https:\/\/www.areception.ai\/wp-content\/uploads\/2023\/04\/aReception-vizualizace-6-1-scaled.jpg","width":2560,"height":1463,"caption":"aReception in a retirement home"},{"@type":"BreadcrumbList","@id":"https:\/\/www.areception.ai\/health-social-and-sports-facilities\/#breadcrumb","itemListElement":[{"@type":"ListItem","position":1,"name":"Dom\u016f","item":"https:\/\/www.areception.ai\/"},{"@type":"ListItem","position":2,"name":"Health, Social &#038; Sports Facilities"}]},{"@type":"WebSite","@id":"https:\/\/www.areception.ai\/#website","url":"https:\/\/www.areception.ai\/","name":"areception.ai","description":"KI-Empfangsl\u00f6sung &amp; Besuchermanagement","publisher":{"@id":"https:\/\/www.areception.ai\/#organization"},"potentialAction":[{"@type":"SearchAction","target":{"@type":"EntryPoint","urlTemplate":"https:\/\/www.areception.ai\/?s={search_term_string}"},"query-input":{"@type":"PropertyValueSpecification","valueRequired":true,"valueName":"search_term_string"}}],"inLanguage":"de"},{"@type":"Organization","@id":"https:\/\/www.areception.ai\/#organization","name":"aReception.ai s.r.o.","url":"https:\/\/www.areception.ai\/","logo":{"@type":"ImageObject","inLanguage":"de","@id":"https:\/\/www.areception.ai\/#\/schema\/logo\/image\/","url":"https:\/\/www.areception.ai\/wp-content\/uploads\/2023\/03\/Logo-aReception.ai_.svg","contentUrl":"https:\/\/www.areception.ai\/wp-content\/uploads\/2023\/03\/Logo-aReception.ai_.svg","width":188,"height":33,"caption":"aReception.ai s.r.o."},"image":{"@id":"https:\/\/www.areception.ai\/#\/schema\/logo\/image\/"},"sameAs":["https:\/\/www.facebook.com\/aReceptionAI","https:\/\/x.com\/aReceptionAI","https:\/\/www.linkedin.com\/company\/areception\/","https:\/\/www.youtube.com\/@aReception"]}]}},"_links":{"self":[{"href":"https:\/\/www.areception.ai\/de\/wp-json\/wp\/v2\/pages\/4560","targetHints":{"allow":["GET"]}}],"collection":[{"href":"https:\/\/www.areception.ai\/de\/wp-json\/wp\/v2\/pages"}],"about":[{"href":"https:\/\/www.areception.ai\/de\/wp-json\/wp\/v2\/types\/page"}],"author":[{"embeddable":true,"href":"https:\/\/www.areception.ai\/de\/wp-json\/wp\/v2\/users\/2"}],"replies":[{"embeddable":true,"href":"https:\/\/www.areception.ai\/de\/wp-json\/wp\/v2\/comments?post=4560"}],"version-history":[{"count":3,"href":"https:\/\/www.areception.ai\/de\/wp-json\/wp\/v2\/pages\/4560\/revisions"}],"predecessor-version":[{"id":11300,"href":"https:\/\/www.areception.ai\/de\/wp-json\/wp\/v2\/pages\/4560\/revisions\/11300"}],"wp:featuredmedia":[{"embeddable":true,"href":"https:\/\/www.areception.ai\/de\/wp-json\/wp\/v2\/media\/6057"}],"wp:attachment":[{"href":"https:\/\/www.areception.ai\/de\/wp-json\/wp\/v2\/media?parent=4560"}],"curies":[{"name":"wp","href":"https:\/\/api.w.org\/{rel}","templated":true}]}}