{"id":1986,"date":"2023-06-13T18:37:28","date_gmt":"2023-06-13T16:37:28","guid":{"rendered":"https:\/\/www.areception.cz\/?page_id=1986"},"modified":"2025-07-07T10:56:30","modified_gmt":"2025-07-07T08:56:30","slug":"allgemeine-geschaftsbedingungen","status":"publish","type":"page","link":"https:\/\/www.areception.ai\/de\/terms-and-conditions\/","title":{"rendered":"Allgemeine Gesch\u00e4ftsbedingungen"},"content":{"rendered":"<div data-elementor-type=\"wp-page\" data-elementor-id=\"1986\" class=\"elementor elementor-1986\" data-elementor-post-type=\"page\">\n\t\t\t\t<div class=\"elementor-element elementor-element-b88c2df e-flex e-con-boxed e-con e-parent\" data-id=\"b88c2df\" data-element_type=\"container\" data-e-type=\"container\">\n\t\t\t\t\t<div class=\"e-con-inner\">\n\t\t\t\t<div class=\"elementor-element elementor-element-927efa7 elementor-widget elementor-widget-heading\" data-id=\"927efa7\" data-element_type=\"widget\" data-e-type=\"widget\" data-widget_type=\"heading.default\">\n\t\t\t\t<div class=\"elementor-widget-container\">\n\t\t\t\t\t<h2 class=\"elementor-heading-title elementor-size-default\">Allgemeine Gesch\u00e4ftsbedingungen (AGB)\n<\/h2>\t\t\t\t<\/div>\n\t\t\t\t<\/div>\n\t\t\t\t<div class=\"elementor-element elementor-element-28d8700 elementor-widget__width-initial elementor-widget elementor-widget-text-editor\" data-id=\"28d8700\" data-element_type=\"widget\" data-e-type=\"widget\" data-widget_type=\"text-editor.default\">\n\t\t\t\t<div class=\"elementor-widget-container\">\n\t\t\t\t\t\t\t\t\t<p>Diese Bedingungen legen die Regeln f\u00fcr die Nutzung unserer Dienste fest und definieren die Rechte und Pflichten beider Parteien \u2013 Sie, unsere Kunden, und wir, aReception.ai s.r.o.<br \/>Wir empfehlen, diese Bedingungen vor der Nutzung unserer Dienste zu lesen, da sie wichtige Informationen \u00fcber Ihre Rechte und Pflichten enthalten.<\/p><p>Nachstehend k\u00f6nnen Sie <strong>die aktuelle g\u00fcltige Version herunterladen<\/strong> unserer Allgemeinen Gesch\u00e4ftsbedingungen als PDF sowie die vorherige Version.<\/p>\t\t\t\t\t\t\t\t<\/div>\n\t\t\t\t<\/div>\n\t\t\t\t\t<\/div>\n\t\t\t\t<\/div>\n\t\t<div class=\"elementor-element elementor-element-88e0388 e-flex e-con-boxed e-con e-parent\" data-id=\"88e0388\" data-element_type=\"container\" data-e-type=\"container\">\n\t\t\t\t\t<div class=\"e-con-inner\">\n\t\t\t\t\t<\/div>\n\t\t\t\t<\/div>\n\t\t\t\t<\/div>","protected":false},"excerpt":{"rendered":"<p>General Terms &amp; Conditions (GTC) These terms set out the rules for using our services and define the rights and obligations of both parties \u2013 you, our customers, and us, aReception.ai s.r.o.We recommend reading these terms before using our services, as they contain important information about your rights and responsibilities. Below you can download the [&hellip;]<\/p>\n","protected":false},"author":2,"featured_media":6053,"parent":0,"menu_order":0,"comment_status":"closed","ping_status":"closed","template":"","meta":{"footnotes":""},"class_list":["post-1986","page","type-page","status-publish","has-post-thumbnail","hentry"],"yoast_head":"<!-- This site is optimized with the Yoast SEO plugin v27.6 - https:\/\/yoast.com\/product\/yoast-seo-wordpress\/ -->\n<title>Terms and Conditions | aReception.ai<\/title>\n<meta name=\"description\" content=\"Get acquainted with our terms and conditions for using aReception and our other services. Learn what you can expect from us and what your rights and obligations are.\" \/>\n<meta name=\"robots\" content=\"index, follow, max-snippet:-1, max-image-preview:large, max-video-preview:-1\" \/>\n<link rel=\"canonical\" href=\"https:\/\/www.areception.ai\/de\/allgemeine-geschaftsbedingungen\/\" \/>\n<meta property=\"og:locale\" content=\"de_DE\" \/>\n<meta property=\"og:type\" content=\"article\" \/>\n<meta property=\"og:title\" content=\"Terms and Conditions | aReception.com\" \/>\n<meta property=\"og:description\" content=\"Get acquainted with our terms and conditions for using aReception and our other services. Learn what you can expect from us and what your rights and obligations are.\" \/>\n<meta property=\"og:url\" content=\"https:\/\/www.areception.ai\/de\/allgemeine-geschaftsbedingungen\/\" \/>\n<meta property=\"og:site_name\" content=\"aReception.ai\" \/>\n<meta property=\"article:publisher\" content=\"https:\/\/www.facebook.com\/aReceptionAI\" \/>\n<meta property=\"article:modified_time\" content=\"2025-07-07T08:56:30+00:00\" \/>\n<meta property=\"og:image\" content=\"https:\/\/www.areception.ai\/wp-content\/uploads\/2023\/04\/aReception-vizualizace-2-1-scaled.jpg\" \/>\n\t<meta property=\"og:image:width\" content=\"2560\" \/>\n\t<meta property=\"og:image:height\" content=\"1463\" \/>\n\t<meta property=\"og:image:type\" content=\"image\/jpeg\" \/>\n<meta name=\"twitter:card\" content=\"summary_large_image\" \/>\n<meta name=\"twitter:title\" content=\"Terms and Conditions | aReception.com\" \/>\n<meta name=\"twitter:description\" content=\"Get acquainted with our terms and conditions for using aReception and our other services. Learn what you can expect from us and what your rights and obligations are.\" \/>\n<meta name=\"twitter:image\" content=\"https:\/\/www.areception.ai\/wp-content\/uploads\/2023\/04\/aReception-vizualizace-2-1-scaled.jpg\" \/>\n<meta name=\"twitter:site\" content=\"@aReceptionAI\" \/>\n<meta name=\"twitter:label1\" content=\"Gesch\u00e4tzte Lesezeit\" \/>\n\t<meta name=\"twitter:data1\" content=\"1\u00a0Minute\" \/>\n<!-- \/ Yoast SEO plugin. -->","yoast_head_json":{"title":"Allgemeine Gesch\u00e4ftsbedingungen | aReception.ai","description":"Machen Sie sich mit unseren Allgemeinen Gesch\u00e4ftsbedingungen f\u00fcr die Nutzung von aReception und unseren anderen Dienstleistungen vertraut. Erfahren Sie, was Sie von uns erwarten k\u00f6nnen und welche Rechte und Pflichten Sie haben.","robots":{"index":"index","follow":"follow","max-snippet":"max-snippet:-1","max-image-preview":"max-image-preview:large","max-video-preview":"max-video-preview:-1"},"canonical":"https:\/\/www.areception.ai\/de\/allgemeine-geschaftsbedingungen\/","og_locale":"de_DE","og_type":"article","og_title":"Terms and Conditions | aReception.com","og_description":"Get acquainted with our terms and conditions for using aReception and our other services. Learn what you can expect from us and what your rights and obligations are.","og_url":"https:\/\/www.areception.ai\/de\/allgemeine-geschaftsbedingungen\/","og_site_name":"aReception.ai","article_publisher":"https:\/\/www.facebook.com\/aReceptionAI","article_modified_time":"2025-07-07T08:56:30+00:00","og_image":[{"width":2560,"height":1463,"url":"https:\/\/www.areception.ai\/wp-content\/uploads\/2023\/04\/aReception-vizualizace-2-1-scaled.jpg","type":"image\/jpeg"}],"twitter_card":"summary_large_image","twitter_title":"Terms and Conditions | aReception.com","twitter_description":"Get acquainted with our terms and conditions for using aReception and our other services. Learn what you can expect from us and what your rights and obligations are.","twitter_image":"https:\/\/www.areception.ai\/wp-content\/uploads\/2023\/04\/aReception-vizualizace-2-1-scaled.jpg","twitter_site":"@aReceptionAI","twitter_misc":{"Gesch\u00e4tzte Lesezeit":"1\u00a0Minute"},"schema":{"@context":"https:\/\/schema.org","@graph":[{"@type":"WebPage","@id":"https:\/\/www.areception.ai\/terms-and-conditions\/","url":"https:\/\/www.areception.ai\/terms-and-conditions\/","name":"Allgemeine Gesch\u00e4ftsbedingungen | aReception.ai","isPartOf":{"@id":"https:\/\/www.areception.ai\/#website"},"primaryImageOfPage":{"@id":"https:\/\/www.areception.ai\/terms-and-conditions\/#primaryimage"},"image":{"@id":"https:\/\/www.areception.ai\/terms-and-conditions\/#primaryimage"},"thumbnailUrl":"https:\/\/www.areception.ai\/wp-content\/uploads\/2023\/04\/aReception-vizualizace-2-1-scaled.jpg","datePublished":"2023-06-13T16:37:28+00:00","dateModified":"2025-07-07T08:56:30+00:00","description":"Machen Sie sich mit unseren Allgemeinen Gesch\u00e4ftsbedingungen f\u00fcr die Nutzung von aReception und unseren anderen Dienstleistungen vertraut. Erfahren Sie, was Sie von uns erwarten k\u00f6nnen und welche Rechte und Pflichten Sie haben.","breadcrumb":{"@id":"https:\/\/www.areception.ai\/terms-and-conditions\/#breadcrumb"},"inLanguage":"de","potentialAction":[{"@type":"ReadAction","target":["https:\/\/www.areception.ai\/terms-and-conditions\/"]}]},{"@type":"ImageObject","inLanguage":"de","@id":"https:\/\/www.areception.ai\/terms-and-conditions\/#primaryimage","url":"https:\/\/www.areception.ai\/wp-content\/uploads\/2023\/04\/aReception-vizualizace-2-1-scaled.jpg","contentUrl":"https:\/\/www.areception.ai\/wp-content\/uploads\/2023\/04\/aReception-vizualizace-2-1-scaled.jpg","width":2560,"height":1463,"caption":"aReception in library"},{"@type":"BreadcrumbList","@id":"https:\/\/www.areception.ai\/terms-and-conditions\/#breadcrumb","itemListElement":[{"@type":"ListItem","position":1,"name":"Dom\u016f","item":"https:\/\/www.areception.ai\/"},{"@type":"ListItem","position":2,"name":"Terms and Conditions"}]},{"@type":"WebSite","@id":"https:\/\/www.areception.ai\/#website","url":"https:\/\/www.areception.ai\/","name":"areception.ai","description":"KI-Empfangsl\u00f6sung &amp; Besuchermanagement","publisher":{"@id":"https:\/\/www.areception.ai\/#organization"},"potentialAction":[{"@type":"SearchAction","target":{"@type":"EntryPoint","urlTemplate":"https:\/\/www.areception.ai\/?s={search_term_string}"},"query-input":{"@type":"PropertyValueSpecification","valueRequired":true,"valueName":"search_term_string"}}],"inLanguage":"de"},{"@type":"Organization","@id":"https:\/\/www.areception.ai\/#organization","name":"aReception.ai s.r.o.","url":"https:\/\/www.areception.ai\/","logo":{"@type":"ImageObject","inLanguage":"de","@id":"https:\/\/www.areception.ai\/#\/schema\/logo\/image\/","url":"https:\/\/www.areception.ai\/wp-content\/uploads\/2023\/03\/Logo-aReception.ai_.svg","contentUrl":"https:\/\/www.areception.ai\/wp-content\/uploads\/2023\/03\/Logo-aReception.ai_.svg","width":188,"height":33,"caption":"aReception.ai s.r.o."},"image":{"@id":"https:\/\/www.areception.ai\/#\/schema\/logo\/image\/"},"sameAs":["https:\/\/www.facebook.com\/aReceptionAI","https:\/\/x.com\/aReceptionAI","https:\/\/www.linkedin.com\/company\/areception\/","https:\/\/www.youtube.com\/@aReception"]}]}},"_links":{"self":[{"href":"https:\/\/www.areception.ai\/de\/wp-json\/wp\/v2\/pages\/1986","targetHints":{"allow":["GET"]}}],"collection":[{"href":"https:\/\/www.areception.ai\/de\/wp-json\/wp\/v2\/pages"}],"about":[{"href":"https:\/\/www.areception.ai\/de\/wp-json\/wp\/v2\/types\/page"}],"author":[{"embeddable":true,"href":"https:\/\/www.areception.ai\/de\/wp-json\/wp\/v2\/users\/2"}],"replies":[{"embeddable":true,"href":"https:\/\/www.areception.ai\/de\/wp-json\/wp\/v2\/comments?post=1986"}],"version-history":[{"count":72,"href":"https:\/\/www.areception.ai\/de\/wp-json\/wp\/v2\/pages\/1986\/revisions"}],"predecessor-version":[{"id":12639,"href":"https:\/\/www.areception.ai\/de\/wp-json\/wp\/v2\/pages\/1986\/revisions\/12639"}],"wp:featuredmedia":[{"embeddable":true,"href":"https:\/\/www.areception.ai\/de\/wp-json\/wp\/v2\/media\/6053"}],"wp:attachment":[{"href":"https:\/\/www.areception.ai\/de\/wp-json\/wp\/v2\/media?parent=1986"}],"curies":[{"name":"wp","href":"https:\/\/api.w.org\/{rel}","templated":true}]}}